{"id":14,"date":"2025-02-05T20:15:59","date_gmt":"2025-02-05T19:15:59","guid":{"rendered":"http:\/\/vitanado.de\/?page_id=14"},"modified":"2026-04-04T05:10:22","modified_gmt":"2026-04-04T03:10:22","slug":"refund_returns-2","status":"publish","type":"page","link":"https:\/\/vitanado.de\/?page_id=14","title":{"rendered":"Impressum"},"content":{"rendered":"<p><strong>Impressum<\/strong><\/p>\n<p data-start=\"77\" data-end=\"110\"><strong data-start=\"77\" data-end=\"93\">Unternehmen:<\/strong><br data-start=\"93\" data-end=\"96\" \/>MyGreen s.r.o.<\/p>\n<p data-start=\"112\" data-end=\"213\"><strong data-start=\"112\" data-end=\"138\">Sitz des Unternehmens:<\/strong><br data-start=\"138\" data-end=\"141\" \/>B\u011blehradsk\u00e1 858\/23<br data-start=\"159\" data-end=\"162\" \/>120 00 Prag 2 \u2013 Vinohrady<br data-start=\"187\" data-end=\"190\" \/>Tschechische Republik<\/p>\n<p data-start=\"215\" data-end=\"341\"><strong data-start=\"215\" data-end=\"235\">Handelsregister:<\/strong><br data-start=\"235\" data-end=\"238\" \/>Eingetragen im Handelsregister des Stadtgerichts Prag (M\u011bstsk\u00fd soud v Praze)<br data-start=\"314\" data-end=\"317\" \/>Aktenzeichen: C 374265<\/p>\n<p data-start=\"343\" data-end=\"390\"><strong data-start=\"343\" data-end=\"375\">Identifikationsnummer (I\u010cO):<\/strong><br data-start=\"375\" data-end=\"378\" \/>176 36 124<\/p>\n","protected":false},"excerpt":{"rendered":"<p>Impressum Unternehmen:MyGreen s.r.o. Sitz des Unternehmens:B\u011blehradsk\u00e1 858\/23120 00 Prag 2 \u2013 VinohradyTschechische Republik Handelsregister:Eingetragen im Handelsregister des Stadtgerichts Prag (M\u011bstsk\u00fd soud v Praze)Aktenzeichen: C 374265 Identifikationsnummer (I\u010cO):176 36 124<\/p>\n","protected":false},"author":1,"featured_media":0,"parent":0,"menu_order":0,"comment_status":"closed","ping_status":"closed","template":"","meta":{"inline_featured_image":false,"footnotes":""},"class_list":["post-14","page","type-page","status-publish","hentry"],"_links":{"self":[{"href":"https:\/\/vitanado.de\/index.php?rest_route=\/wp\/v2\/pages\/14","targetHints":{"allow":["GET"]}}],"collection":[{"href":"https:\/\/vitanado.de\/index.php?rest_route=\/wp\/v2\/pages"}],"about":[{"href":"https:\/\/vitanado.de\/index.php?rest_route=\/wp\/v2\/types\/page"}],"author":[{"embeddable":true,"href":"https:\/\/vitanado.de\/index.php?rest_route=\/wp\/v2\/users\/1"}],"replies":[{"embeddable":true,"href":"https:\/\/vitanado.de\/index.php?rest_route=%2Fwp%2Fv2%2Fcomments&post=14"}],"version-history":[{"count":5,"href":"https:\/\/vitanado.de\/index.php?rest_route=\/wp\/v2\/pages\/14\/revisions"}],"predecessor-version":[{"id":8522,"href":"https:\/\/vitanado.de\/index.php?rest_route=\/wp\/v2\/pages\/14\/revisions\/8522"}],"wp:attachment":[{"href":"https:\/\/vitanado.de\/index.php?rest_route=%2Fwp%2Fv2%2Fmedia&parent=14"}],"curies":[{"name":"wp","href":"https:\/\/api.w.org\/{rel}","templated":true}]}}