{"id":8430,"date":"2025-02-05T20:34:56","date_gmt":"2025-02-05T19:34:56","guid":{"rendered":"http:\/\/vitanado.de\/?page_id=8430"},"modified":"2026-04-04T05:18:47","modified_gmt":"2026-04-04T03:18:47","slug":"agbs","status":"publish","type":"page","link":"https:\/\/vitanado.de\/?page_id=8430","title":{"rendered":"AGBs"},"content":{"rendered":"<header class=\"entry-header\">\n<h1 class=\"entry-title\">AGBs<\/h1>\n<\/header>\n<div class=\"entry-content\">\n<h2>Allgemeine Gesch\u00e4ftsbedingungen mit Kundeninformationen<\/h2>\n<h3>Inhaltsverzeichnis<\/h3>\n<ol>\n<li>Geltungsbereich<\/li>\n<li>Vertragsschluss<\/li>\n<li>Widerrufsrecht<\/li>\n<li>Preise und Zahlungsbedingungen<\/li>\n<li>Liefer- und Versandbedingungen<\/li>\n<li>Eigentumsvorbehalt<\/li>\n<li>M\u00e4ngelhaftung (Gew\u00e4hrleistung)<\/li>\n<li>Besondere Bedingungen f\u00fcr Montage-\/Einbauleistungen<\/li>\n<li>Anwendbares Recht<\/li>\n<li>Alternative Streitbeilegung<\/li>\n<\/ol>\n<hr \/>\n<h3>1) Geltungsbereich<\/h3>\n<p>1.1\u202fDiese Allgemeinen Gesch\u00e4ftsbedingungen (nachfolgend \u201eAGB\u201c) der<br \/>\n<strong data-start=\"43\" data-end=\"67\"><br \/>\n<\/strong><\/p>\n<p><strong>Impressum<\/strong><\/p>\n<p data-pm-slice=\"1 1 []\">\n<p>MyGreen s.r.o.<\/p>\n<p>B\u011blehradsk\u00e1 858\/23<\/p>\n<p>120 00 Prag 2 \u2013 Vinohrady<\/p>\n<p>Tschechische Republik<\/p>\n<p><strong data-start=\"43\" data-end=\"67\">\u00a0<\/strong><\/p>\n<p>(nachfolgend \u201eVerk\u00e4ufer\u201c), gelten f\u00fcr alle Vertr\u00e4ge \u00fcber die Lieferung von Waren, die ein Verbraucher oder Unternehmer (nachfolgend \u201eKunde\u201c) mit dem Verk\u00e4ufer hinsichtlich der vom Verk\u00e4ufer in seinem Online-Shop dargestellten Waren abschlie\u00dft. Hiermit wird der Einbeziehung von eigenen Bedingungen des Kunden widersprochen, es sei denn, es ist etwas anderes vereinbart.<\/p>\n<p>1.2\u202fVerbraucher im Sinne dieser AGB ist jede nat\u00fcrliche Person, die ein Rechtsgesch\u00e4ft zu Zwecken abschlie\u00dft, die \u00fcberwiegend weder ihrer gewerblichen noch ihrer selbst\u00e4ndigen beruflichen T\u00e4tigkeit zugerechnet werden k\u00f6nnen. Unternehmer im Sinne dieser AGB ist eine nat\u00fcrliche oder juristische Person oder eine rechtsf\u00e4hige Personengesellschaft, die bei Abschluss eines Rechtsgesch\u00e4fts in Aus\u00fcbung ihrer gewerblichen oder selbst\u00e4ndigen beruflichen T\u00e4tigkeit handelt.<\/p>\n<hr \/>\n<h3>2) Vertragsschluss<\/h3>\n<p>2.1\u202fDie im Online-Shop des Verk\u00e4ufers enthaltenen Produktbeschreibungen stellen keine verbindlichen Angebote seitens des Verk\u00e4ufers dar, sondern dienen zur Abgabe eines verbindlichen Angebots durch den Kunden.<\/p>\n<p>2.2\u202fDer Kunde kann das Angebot \u00fcber das in den Online-Shop des Verk\u00e4ufers integrierte Online-Bestellformular abgeben. Dabei gibt der Kunde, nachdem er die ausgew\u00e4hlten Waren in den virtuellen Warenkorb gelegt und den elektronischen Bestellprozess durchlaufen hat, durch Klicken des den Bestellvorgang abschlie\u00dfenden Buttons ein rechtlich verbindliches Vertragsangebot in Bezug auf die im Warenkorb enthaltenen Waren ab. Ferner kann der Kunde das Angebot auch telefonisch, per Fax, per E-Mail oder per Online-Kontaktformular gegen\u00fcber dem Verk\u00e4ufer abgeben.<\/p>\n<p>2.3\u202fDer Verk\u00e4ufer kann das Angebot des Kunden innerhalb von f\u00fcnf Tagen annehmen,<\/p>\n<ol>\n<li>indem er dem Kunden eine schriftliche Auftragsbest\u00e4tigung oder eine Auftragsbest\u00e4tigung in Textform (Fax oder E-Mail) \u00fcbermittelt, wobei insoweit der Zugang der Auftragsbest\u00e4tigung beim Kunden ma\u00dfgeblich ist, oder<\/li>\n<li>indem er dem Kunden die bestellte Ware liefert, wobei insoweit der Zugang der Ware beim Kunden ma\u00dfgeblich ist, oder<\/li>\n<li>indem er den Kunden nach Abgabe von dessen Bestellung zur Zahlung auffordert.<\/li>\n<\/ol>\n<p>Liegen mehrere der vorgenannten Alternativen vor, kommt der Vertrag in dem Zeitpunkt zustande, in dem eine der vorgenannten Alternativen zuerst eintritt. Die Frist zur Annahme des Angebots beginnt am Tag nach der Absendung des Angebots durch den Kunden zu laufen und endet mit dem Ablauf des f\u00fcnften Tages, welcher auf die Absendung des Angebots folgt. Nimmt der Verk\u00e4ufer das Angebot des Kunden innerhalb vorgenannter Frist nicht an, so gilt dies als Ablehnung des Angebots mit der Folge, dass der Kunde nicht mehr an seine Willenserkl\u00e4rung gebunden ist.<\/p>\n<p>2.4\u202fBei der Abgabe eines Angebots \u00fcber das Online-Bestellformular des Verk\u00e4ufers wird der Vertragstext nach dem Vertragsschluss vom Verk\u00e4ufer gespeichert und dem Kunden nach Absendung von dessen Bestellung in Textform (z.\u202fB. E-Mail, Fax oder Brief) \u00fcbermittelt. Eine dar\u00fcber hinausgehende Zug\u00e4nglichmachung des Vertragstextes durch den Verk\u00e4ufer erfolgt nicht. Sofern der Kunde vor Absendung seiner Bestellung ein Nutzerkonto im Online-Shop des Verk\u00e4ufers eingerichtet hat, werden die Bestelldaten auf der Website des Verk\u00e4ufers archiviert und k\u00f6nnen vom Kunden \u00fcber dessen passwortgesch\u00fctztes Nutzerkonto unter Angabe der entsprechenden Login-Daten kostenlos abgerufen werden.<\/p>\n<p>2.5\u202fVor verbindlicher Abgabe der Bestellung \u00fcber das Online-Bestellformular des Verk\u00e4ufers kann der Kunde m\u00f6gliche Eingabefehler durch aufmerksames Lesen der auf dem Bildschirm dargestellten Informationen erkennen. Ein wirksames technisches Mittel zur besseren Erkennung von Eingabefehlern kann dabei die Vergr\u00f6\u00dferungsfunktion des Browsers sein, mit deren Hilfe die Darstellung auf dem Bildschirm vergr\u00f6\u00dfert wird. Seine Eingaben kann der Kunde im Rahmen des elektronischen Bestellprozesses so lange \u00fcber die \u00fcblichen Tastatur- und Mausfunktionen korrigieren, bis er den den Bestellvorgang abschlie\u00dfenden Button anklickt.<\/p>\n<p>2.6\u202fF\u00fcr den Vertragsschluss steht ausschlie\u00dflich die deutsche Sprache zur Verf\u00fcgung.<\/p>\n<p>2.7\u202fDie Bestellabwicklung und Kontaktaufnahme finden in der Regel per E-Mail und automatisierter Bestellabwicklung statt. Der Kunde hat sicherzustellen, dass die von ihm zur Bestellabwicklung angegebene E-Mail-Adresse zutreffend ist, so dass unter dieser Adresse die vom Verk\u00e4ufer versandten E-Mails empfangen werden k\u00f6nnen. Insbesondere hat der Kunde beim Einsatz von SPAM-Filtern sicherzustellen, dass alle vom Verk\u00e4ufer oder von diesem mit der Bestellabwicklung beauftragten Dritten versandten E-Mails zugestellt werden k\u00f6nnen.<\/p>\n<hr \/>\n<h3>3) Widerrufsrecht<\/h3>\n<p>3.1\u202fVerbrauchern steht grunds\u00e4tzlich ein Widerrufsrecht zu.<\/p>\n<p>3.2\u202fN\u00e4here Informationen zum Widerrufsrecht ergeben sich aus der Widerrufsbelehrung des Verk\u00e4ufers.<\/p>\n<hr \/>\n<h3>4) Preise und Zahlungsbedingungen<\/h3>\n<p>4.1\u202fSofern sich aus der Produktbeschreibung des Verk\u00e4ufers nichts anderes ergibt, handelt es sich bei den angegebenen Preisen um <strong>Gesamtpreise<\/strong>, die die gesetzliche Umsatzsteuer enthalten. Gegebenenfalls zus\u00e4tzlich anfallende Liefer- und Versandkosten werden in der jeweiligen Produktbeschreibung gesondert angegeben.<\/p>\n<p>4.2\u202fDie Zahlungsm\u00f6glichkeiten werden dem Kunden im Online-Shop des Verk\u00e4ufers mitgeteilt.<\/p>\n<p>4.3\u202fIst Vorauskasse per Bank\u00fcberweisung vereinbart, ist die Zahlung sofort nach Vertragsabschluss f\u00e4llig, sofern die Parteien keinen sp\u00e4teren F\u00e4lligkeitstermin vereinbart haben.<\/p>\n<p>4.4\u202fBei Zahlung mittels einer von PayPal angebotenen Zahlungsart erfolgt die Zahlungsabwicklung \u00fcber den Zahlungsdienstleister PayPal (Europe) S.\u00e0 r.l. et Cie, S.C.A., 22\u201324 Boulevard Royal, L-2449 Luxembourg (im Folgenden: \u201ePayPal\u201c), unter Geltung der PayPal-Nutzungsbedingungen (einsehbar unter <a href=\"https:\/\/www.paypal.com\/de\/webapps\/mpp\/ua\/useragreement-full\" target=\"_new\" rel=\"noopener\">https:\/\/www.paypal.com\/de\/webapps\/mpp\/ua\/useragreement-full<\/a> oder \u2013 falls der Kunde nicht \u00fcber ein PayPal-Konto verf\u00fcgt \u2013 unter Geltung der Bedingungen f\u00fcr Zahlungen ohne PayPal-Konto, einsehbar unter <a href=\"https:\/\/www.paypal.com\/de\/webapps\/mpp\/ua\/privacywax-full\" target=\"_new\" rel=\"noopener\">https:\/\/www.paypal.com\/de\/webapps\/mpp\/ua\/privacywax-full<\/a>).<\/p>\n<hr \/>\n<h3>5) Liefer- und Versandbedingungen<\/h3>\n<p>5.1\u202fDie Lieferung von Waren erfolgt auf dem Versandweg an die vom Kunden angegebene Lieferanschrift, sofern nichts anderes vereinbart ist. Bei der Abwicklung der Transaktion ist die in der Bestellabwicklung des Verk\u00e4ufers angegebene Lieferanschrift ma\u00dfgeblich.<\/p>\n<p>5.2\u202fScheitert die Zustellung der Ware aus Gr\u00fcnden, die der Kunde zu vertreten hat, tr\u00e4gt der Kunde die dem Verk\u00e4ufer hierdurch entstehenden angemessenen Kosten. Dies gilt im Hinblick auf die Kosten f\u00fcr die Hinsendung nicht, wenn der Kunde sein Widerrufsrecht wirksam aus\u00fcbt. F\u00fcr die R\u00fccksendekosten gilt bei wirksamer Aus\u00fcbung des Widerrufsrechts durch den Kunden die in der Widerrufsbelehrung des Verk\u00e4ufers hierzu getroffene Regelung.<\/p>\n<p>5.3\u202fBei Selbstabholung informiert der Verk\u00e4ufer den Kunden zun\u00e4chst per E-Mail dar\u00fcber, dass die von ihm bestellte Ware zur Abholung bereitsteht. Nach Erhalt dieser E-Mail kann der Kunde die Ware nach Absprache mit dem Verk\u00e4ufer am Sitz des Verk\u00e4ufers abholen. In diesem Fall werden keine Versandkosten berechnet.<\/p>\n<hr \/>\n<h3>6) Eigentumsvorbehalt<\/h3>\n<p>Tritt der Verk\u00e4ufer in Vorleistung, beh\u00e4lt er sich bis zur vollst\u00e4ndigen Bezahlung des geschuldeten Kaufpreises das <strong>Eigentum an der gelieferten Ware<\/strong> vor.<\/p>\n<hr \/>\n<h3>7) M\u00e4ngelhaftung (Gew\u00e4hrleistung)<\/h3>\n<p>7.1\u202fIst die Kaufsache mangelhaft, gelten die Vorschriften der <strong>gesetzlichen M\u00e4ngelhaftung<\/strong>.<\/p>\n<p>7.2\u202fDer Kunde wird gebeten, angelieferte Waren mit offensichtlichen <strong>Transportsch\u00e4den<\/strong> bei dem Zusteller zu reklamieren und den Verk\u00e4ufer hiervon in Kenntnis zu setzen. Kommt der Kunde dem nicht nach, hat dies keinerlei Auswirkungen auf seine gesetzlichen oder vertraglichen M\u00e4ngelanspr\u00fcche.<\/p>\n<hr \/>\n<h3>8) Besondere Bedingungen f\u00fcr Montage-\/Einbauleistungen<\/h3>\n<p>Schuldet der Verk\u00e4ufer nach dem Inhalt des Vertrages <strong>neben der Warenlieferung auch die Montage bzw. den Einbau<\/strong> der Ware beim Kunden sowie ggf. entsprechende Vorbereitungsma\u00dfnahmen (z.\u202fB. Aufma\u00df), so gilt Folgendes:<\/p>\n<p>8.1\u202fDer Verk\u00e4ufer erbringt seine Leistungen nach eigener Wahl in eigener Person oder durch qualifiziertes, von ihm ausgew\u00e4hltes Personal. Dabei kann sich der Verk\u00e4ufer auch der Leistungen Dritter (Subunternehmer) bedienen, die in seinem Auftrag t\u00e4tig werden. Sofern sich aus der Leistungsbeschreibung des Verk\u00e4ufers nichts anderes ergibt, hat der Kunde <strong>keinen Anspruch auf Auswahl einer bestimmten Person<\/strong> zur Durchf\u00fchrung der gew\u00fcnschten Dienstleistung.<\/p>\n<p>8.2\u202fDer Kunde hat dem Verk\u00e4ufer die f\u00fcr die Erbringung der geschuldeten Dienstleistung erforderlichen Informationen <strong>vollst\u00e4ndig und wahrheitsgem\u00e4\u00df<\/strong> zur Verf\u00fcgung zu stellen, sofern deren Beschaffung nach dem Inhalt des Vertrages nicht in den Pflichtenkreis des Verk\u00e4ufers f\u00e4llt.<\/p>\n<p>8.3\u202fDer Verk\u00e4ufer wird sich nach Vertragsschluss mit dem Kunden in Verbindung setzen, um mit diesem einen Termin f\u00fcr die geschuldete Leistung zu vereinbaren. Der Kunde tr\u00e4gt daf\u00fcr Sorge, dass der Verk\u00e4ufer bzw. das von diesem beauftragte Personal zum vereinbarten Termin <strong>Zugang zu den betreffenden Einrichtungen<\/strong> des Kunden hat.<\/p>\n<p>8.4\u202fDie Gefahr des zuf\u00e4lligen Untergangs und der zuf\u00e4lligen Verschlechterung der verkauften Ware geht <strong>erst mit der Beendigung der Montagearbeiten und der \u00dcbergabe an den Kunden<\/strong> auf den Kunden \u00fcber.<\/p>\n<hr \/>\n<h3>9) Anwendbares Recht<\/h3>\n<p>F\u00fcr s\u00e4mtliche Rechtsbeziehungen der Parteien gilt das <strong>Recht der Bundesrepublik Deutschland<\/strong> unter Ausschluss der Gesetze \u00fcber den internationalen Kauf beweglicher Waren. Bei Verbrauchern gilt diese Rechtswahl nur insoweit, als <strong>nicht der gew\u00e4hrte Schutz durch zwingende Bestimmungen<\/strong> des Rechts des Staates, in dem der Verbraucher seinen gew\u00f6hnlichen Aufenthalt hat, entzogen wird.<\/p>\n<hr \/>\n<h3>10) Alternative Streitbeilegung<\/h3>\n<p>10.1\u202fDie EU-Kommission stellt im Internet unter folgendem Link eine Plattform zur <strong>Online-Streitbeilegung<\/strong> bereit:<br \/>\n<a href=\"https:\/\/ec.europa.eu\/consumers\/odr\" target=\"_new\" rel=\"noopener\">https:\/\/ec.europa.eu\/consumers\/odr<\/a><br \/>\nDiese Plattform dient als Anlaufstelle zur au\u00dfergerichtlichen Beilegung von Streitigkeiten aus Online-Kauf- oder Dienstleistungsvertr\u00e4gen, an denen ein Verbraucher beteiligt ist.<\/p>\n<p>10.2\u202fDer Verk\u00e4ufer ist zur Teilnahme an einem Streitbeilegungsverfahren vor einer Verbraucherschlichtungsstelle <strong>weder verpflichtet noch bereit<\/strong>.<\/p>\n<hr \/>\n<p><strong>Angaben zum Verk\u00e4ufer (Impressum):<\/strong><\/p>\n<p><strong data-start=\"43\" data-end=\"67\">\u00a0<\/strong><\/p>\n<p><strong>Impressum<\/strong><\/p>\n<p data-pm-slice=\"1 1 []\">\n<p>MyGreen s.r.o.<\/p>\n<p>B\u011blehradsk\u00e1 858\/23<\/p>\n<p>120 00 Prag 2 \u2013 Vinohrady<\/p>\n<p>Tschechische Republik<\/p>\n<p><strong data-start=\"43\" data-end=\"67\">\u00a0<\/strong><\/p>\n<\/div>\n","protected":false},"excerpt":{"rendered":"<p>AGBs Allgemeine Gesch\u00e4ftsbedingungen mit Kundeninformationen Inhaltsverzeichnis Geltungsbereich Vertragsschluss Widerrufsrecht Preise und Zahlungsbedingungen Liefer- und Versandbedingungen Eigentumsvorbehalt M\u00e4ngelhaftung (Gew\u00e4hrleistung) Besondere Bedingungen f\u00fcr Montage-\/Einbauleistungen Anwendbares Recht Alternative Streitbeilegung 1) Geltungsbereich 1.1\u202fDiese Allgemeinen Gesch\u00e4ftsbedingungen (nachfolgend \u201eAGB\u201c) der Impressum MyGreen s.r.o. B\u011blehradsk\u00e1 858\/23 120 00 Prag 2 \u2013 Vinohrady Tschechische Republik \u00a0 (nachfolgend \u201eVerk\u00e4ufer\u201c), gelten f\u00fcr alle Vertr\u00e4ge \u00fcber &hellip; <\/p>\n<p class=\"more-link-wrap\"><a href=\"https:\/\/vitanado.de\/?page_id=8430\" class=\"more-link\"><i class=\"opal-icon-plus\" aria-hidden=\"true\"><\/i><span>Read More<span class=\"screen-reader-text\"> &#8222;AGBs&#8220;<\/span><\/span><\/a><\/p>\n","protected":false},"author":1,"featured_media":0,"parent":0,"menu_order":0,"comment_status":"closed","ping_status":"closed","template":"","meta":{"inline_featured_image":false,"footnotes":""},"class_list":["post-8430","page","type-page","status-publish","hentry"],"_links":{"self":[{"href":"https:\/\/vitanado.de\/index.php?rest_route=\/wp\/v2\/pages\/8430","targetHints":{"allow":["GET"]}}],"collection":[{"href":"https:\/\/vitanado.de\/index.php?rest_route=\/wp\/v2\/pages"}],"about":[{"href":"https:\/\/vitanado.de\/index.php?rest_route=\/wp\/v2\/types\/page"}],"author":[{"embeddable":true,"href":"https:\/\/vitanado.de\/index.php?rest_route=\/wp\/v2\/users\/1"}],"replies":[{"embeddable":true,"href":"https:\/\/vitanado.de\/index.php?rest_route=%2Fwp%2Fv2%2Fcomments&post=8430"}],"version-history":[{"count":6,"href":"https:\/\/vitanado.de\/index.php?rest_route=\/wp\/v2\/pages\/8430\/revisions"}],"predecessor-version":[{"id":8530,"href":"https:\/\/vitanado.de\/index.php?rest_route=\/wp\/v2\/pages\/8430\/revisions\/8530"}],"wp:attachment":[{"href":"https:\/\/vitanado.de\/index.php?rest_route=%2Fwp%2Fv2%2Fmedia&parent=8430"}],"curies":[{"name":"wp","href":"https:\/\/api.w.org\/{rel}","templated":true}]}}